{"id":405,"date":"2024-06-29T09:33:12","date_gmt":"2024-06-29T07:33:12","guid":{"rendered":"http:\/\/www.zeldasophrologue.com\/?page_id=405"},"modified":"2024-08-18T19:41:20","modified_gmt":"2024-08-18T17:41:20","slug":"sophrologie-en-cabinet","status":"publish","type":"page","link":"https:\/\/www.zeldasophrologue.com\/index.php\/sophrologie-en-cabinet\/","title":{"rendered":"Sophrologie en cabinet"},"content":{"rendered":"\n<p><strong>Adultes et Ados<\/strong> :<\/p>\n\n\n\n<p>Dans un environnement chaleureux, nous prendrons le temps d\u2019\u00e9changer sur vos attentes et vos besoins. Je prendrai le temps de vous \u00e9couter, de vous accompagner et de vous laisser vivre chacune de vos \u00e9motions, sensations sans aucun jugement.<\/p>\n\n\n\n<p>Je vous proposerai une s\u00e9ance qui sera enregistr\u00e9e avec des mouvements doux corporels accompagn\u00e9s de la respiration et une visualisation guid\u00e9e par ma voix.<\/p>\n\n\n\n<p>Vous repartirez avec cet enregistrement afin d\u2019\u00eatre autonome et pouvoir revivre les bienfaits de cette s\u00e9ance au quotidien.<\/p>\n\n\n\n<p>C\u2019est par l\u2019entrainement que vous sentirez le changement.<\/p>\n\n\n\n<p>Prenez le temps de le prendre pour vous. C\u2019est ainsi que tout commence.<\/p>\n\n\n\n<p><strong>Enfants&nbsp;:<\/strong><\/p>\n\n\n\n<p>S\u00e9ance ludique et adapt\u00e9e \u00e0 leur \u00e2ge, pour d\u00e9couvrir et mieux vivre avec leurs \u00e9motions tout en jouant. <\/p>\n\n\n\n<p><strong>Tout-petits<\/strong> :<\/p>\n\n\n\n<p>\u00c9galement les bienvenus, mais c\u2019est surtout avec vous, parents, que je prendrai le temps d&rsquo;\u00e9changer sur vos difficult\u00e9s, angoisses ou \u00e9puisements rencontr\u00e9s.<\/p>\n\n\n\n<p class=\"has-medium-font-size\"><a href=\"https:\/\/calendly.com\/contact-zeldasophrologue\/\"><strong>Prise de rendez-vous<\/strong><\/a><\/p>\n\n\n\n<figure class=\"wp-block-gallery has-nested-images columns-default is-cropped wp-block-gallery-1 is-layout-flex wp-block-gallery-is-layout-flex\">\n<figure class=\"wp-block-image size-large\"><img loading=\"lazy\" decoding=\"async\" width=\"1024\" height=\"1024\" data-id=\"567\" src=\"http:\/\/www.zeldasophrologue.com\/wp-content\/uploads\/2024\/08\/20240725_110745-1024x1024.jpg\" alt=\"\" class=\"wp-image-567\" srcset=\"https:\/\/www.zeldasophrologue.com\/wp-content\/uploads\/2024\/08\/20240725_110745-1024x1024.jpg 1024w, https:\/\/www.zeldasophrologue.com\/wp-content\/uploads\/2024\/08\/20240725_110745-300x300.jpg 300w, https:\/\/www.zeldasophrologue.com\/wp-content\/uploads\/2024\/08\/20240725_110745-150x150.jpg 150w, https:\/\/www.zeldasophrologue.com\/wp-content\/uploads\/2024\/08\/20240725_110745-768x768.jpg 768w, https:\/\/www.zeldasophrologue.com\/wp-content\/uploads\/2024\/08\/20240725_110745-1536x1536.jpg 1536w, https:\/\/www.zeldasophrologue.com\/wp-content\/uploads\/2024\/08\/20240725_110745-100x100.jpg 100w, https:\/\/www.zeldasophrologue.com\/wp-content\/uploads\/2024\/08\/20240725_110745.jpg 1920w\" sizes=\"auto, (max-width: 767px) 89vw, (max-width: 1000px) 54vw, (max-width: 1071px) 543px, 580px\" \/><\/figure>\n\n\n\n<figure class=\"wp-block-image size-large\"><img loading=\"lazy\" decoding=\"async\" width=\"1024\" height=\"1024\" data-id=\"569\" src=\"http:\/\/www.zeldasophrologue.com\/wp-content\/uploads\/2024\/08\/20240725_110605-1024x1024.jpg\" alt=\"\" class=\"wp-image-569\" srcset=\"https:\/\/www.zeldasophrologue.com\/wp-content\/uploads\/2024\/08\/20240725_110605-1024x1024.jpg 1024w, https:\/\/www.zeldasophrologue.com\/wp-content\/uploads\/2024\/08\/20240725_110605-300x300.jpg 300w, https:\/\/www.zeldasophrologue.com\/wp-content\/uploads\/2024\/08\/20240725_110605-150x150.jpg 150w, https:\/\/www.zeldasophrologue.com\/wp-content\/uploads\/2024\/08\/20240725_110605-768x768.jpg 768w, https:\/\/www.zeldasophrologue.com\/wp-content\/uploads\/2024\/08\/20240725_110605-1536x1536.jpg 1536w, https:\/\/www.zeldasophrologue.com\/wp-content\/uploads\/2024\/08\/20240725_110605-100x100.jpg 100w, https:\/\/www.zeldasophrologue.com\/wp-content\/uploads\/2024\/08\/20240725_110605.jpg 1920w\" sizes=\"auto, (max-width: 767px) 89vw, (max-width: 1000px) 54vw, (max-width: 1071px) 543px, 580px\" \/><\/figure>\n\n\n\n<figure class=\"wp-block-image size-large\"><img loading=\"lazy\" decoding=\"async\" width=\"1024\" height=\"1024\" data-id=\"570\" src=\"http:\/\/www.zeldasophrologue.com\/wp-content\/uploads\/2024\/08\/20240725_110422-1024x1024.jpg\" alt=\"\" class=\"wp-image-570\" srcset=\"https:\/\/www.zeldasophrologue.com\/wp-content\/uploads\/2024\/08\/20240725_110422-1024x1024.jpg 1024w, https:\/\/www.zeldasophrologue.com\/wp-content\/uploads\/2024\/08\/20240725_110422-300x300.jpg 300w, https:\/\/www.zeldasophrologue.com\/wp-content\/uploads\/2024\/08\/20240725_110422-150x150.jpg 150w, https:\/\/www.zeldasophrologue.com\/wp-content\/uploads\/2024\/08\/20240725_110422-768x768.jpg 768w, https:\/\/www.zeldasophrologue.com\/wp-content\/uploads\/2024\/08\/20240725_110422-1536x1536.jpg 1536w, https:\/\/www.zeldasophrologue.com\/wp-content\/uploads\/2024\/08\/20240725_110422-100x100.jpg 100w, https:\/\/www.zeldasophrologue.com\/wp-content\/uploads\/2024\/08\/20240725_110422.jpg 1920w\" sizes=\"auto, (max-width: 767px) 89vw, (max-width: 1000px) 54vw, (max-width: 1071px) 543px, 580px\" \/><\/figure>\n<\/figure>\n\n\n\n<hr class=\"wp-block-separator has-css-opacity is-style-default\"\/>\n\n\n\n<blockquote class=\"wp-block-quote has-text-align-center is-style-large has-small-font-size is-layout-flow wp-block-quote-is-layout-flow\">\n<p class=\"has-small-font-size\">J&rsquo;ai rencontr\u00e9 Zelda dans une p\u00e9riode de stress li\u00e9e au passage d&rsquo;examens pro. Elle a su m&rsquo;aider \u00e0 reprendre confiance en moi et \u00e0 retrouver tout mon potentiel pour passer mes \u00e9preuves sereinement et surtout, les r\u00e9ussir. Je recommande vivement cette th\u00e9rapeute qui est dans l&rsquo;\u00e9coute, la bienveillance et surtout qui est extr\u00eamement professionnelle. Merci encore pour votre aide.<\/p>\n<cite>\u2014 Delphine<\/cite><\/blockquote>\n\n\n\n<hr class=\"wp-block-separator has-css-opacity is-style-default\"\/>\n\n\n\n<blockquote class=\"wp-block-quote has-text-align-center is-style-large has-small-font-size is-layout-flow wp-block-quote-is-layout-flow\">\n<p class=\"has-small-font-size\">Tr\u00e8s belle exp\u00e9rience pour ma fille de 8 ans qui avait des soucis de stress. Elle est maintenant beaucoup plus apais\u00e9e, Zelda est d\u2019une grande douceur et tr\u00e8s \u00e0 l\u2019\u00e9coute avec les enfants ! Merci beaucoup \u00e0 elle !<\/p>\n<cite>\u2014 Doriane<\/cite><\/blockquote>\n\n\n\n<hr class=\"wp-block-separator has-css-opacity is-style-default\"\/>\n","protected":false},"excerpt":{"rendered":"<p>Adultes et Ados : Dans un environnement chaleureux, nous prendrons le temps d\u2019\u00e9changer sur vos attentes et vos besoins. Je prendrai le temps de vous \u00e9couter, de vous accompagner et de vous laisser vivre chacune de vos \u00e9motions, sensations sans aucun jugement. Je vous proposerai une s\u00e9ance qui sera enregistr\u00e9e avec des mouvements doux corporels &hellip; <\/p>\n<p class=\"link-more\"><a href=\"https:\/\/www.zeldasophrologue.com\/index.php\/sophrologie-en-cabinet\/\" class=\"more-link\">Continuer la lecture<span class=\"screen-reader-text\"> de &laquo;&nbsp;Sophrologie en cabinet&nbsp;&raquo;<\/span><\/a><\/p>\n","protected":false},"author":1,"featured_media":0,"parent":0,"menu_order":0,"comment_status":"closed","ping_status":"closed","template":"","meta":{"footnotes":""},"class_list":["post-405","page","type-page","status-publish","hentry"],"_links":{"self":[{"href":"https:\/\/www.zeldasophrologue.com\/index.php\/wp-json\/wp\/v2\/pages\/405","targetHints":{"allow":["GET"]}}],"collection":[{"href":"https:\/\/www.zeldasophrologue.com\/index.php\/wp-json\/wp\/v2\/pages"}],"about":[{"href":"https:\/\/www.zeldasophrologue.com\/index.php\/wp-json\/wp\/v2\/types\/page"}],"author":[{"embeddable":true,"href":"https:\/\/www.zeldasophrologue.com\/index.php\/wp-json\/wp\/v2\/users\/1"}],"replies":[{"embeddable":true,"href":"https:\/\/www.zeldasophrologue.com\/index.php\/wp-json\/wp\/v2\/comments?post=405"}],"version-history":[{"count":5,"href":"https:\/\/www.zeldasophrologue.com\/index.php\/wp-json\/wp\/v2\/pages\/405\/revisions"}],"predecessor-version":[{"id":571,"href":"https:\/\/www.zeldasophrologue.com\/index.php\/wp-json\/wp\/v2\/pages\/405\/revisions\/571"}],"wp:attachment":[{"href":"https:\/\/www.zeldasophrologue.com\/index.php\/wp-json\/wp\/v2\/media?parent=405"}],"curies":[{"name":"wp","href":"https:\/\/api.w.org\/{rel}","templated":true}]}}