{"id":442,"date":"2024-06-29T17:24:42","date_gmt":"2024-06-29T15:24:42","guid":{"rendered":"http:\/\/www.zeldasophrologue.com\/?page_id=442"},"modified":"2024-06-30T15:00:23","modified_gmt":"2024-06-30T13:00:23","slug":"sophrologie-corporelle","status":"publish","type":"page","link":"https:\/\/www.zeldasophrologue.com\/index.php\/sophrologie-corporelle\/","title":{"rendered":"Sophrologie corporelle"},"content":{"rendered":"\n<p>Je vous pr\u00e9sente cette nouvelle pratique qui vous emm\u00e8ne en voyage sensoriel au c\u0153ur de vous-m\u00eame. En tant qu&rsquo;infirmi\u00e8re, je me suis souvent servie de gestes th\u00e9rapeutiques pour soulager la douleur de mes patients, et c\u2019est trop souvent dans la douleur ou nos complexes que l\u2019on porte attention \u00e0 notre corps. Mais je sais qu\u2019il renferme bien plus de secrets.<\/p>\n\n\n\n<p>La sophrologie aquatique m&rsquo;a permis d&rsquo;observer \u00e0 quel point la sensation enveloppante de l\u2019eau pouvait d\u00e9cupler les ressentis mais \u00e9galement \u00e0 quel point un simple toucher de ma main au niveau du dos pouvait rassurer. Le toucher, premier sens d\u00e9velopp\u00e9 intra ut\u00e9ro permet de maintenir un \u00e9quilibre physique et \u00e9motionnel et a cette propri\u00e9t\u00e9 d&rsquo;apporter dans l&rsquo;instant un sentiment de s\u00e9curit\u00e9. <\/p>\n\n\n\n<p>C\u2019est ce que je souhaite vous faire d\u00e9couvrir avec la sophrologie corporelle, une nouvelle pratique qui vous invite \u00e0 explorer <strong>un toucher <\/strong>subtil et d\u00e9licat,&nbsp; guid\u00e9 par <strong>ma voix. <\/strong>Il pourra \u00eatre un simple effleurement ou plus affirm\u00e9, avec mes doigts ou des objets soigneusement choisis (balles de diff\u00e9rentes textures, tissus doux ou moins doux, chauds ou froids, pinceau etc) pour chaque s\u00e9ance afin d\u2019enrichir votre exp\u00e9rience sensorielle quotidienne. Je serai l\u00e0 pour vous accompagner dans la red\u00e9couverte de ces sensations oubli\u00e9es ou jamais ressenties \u00e0 travers votre corps, cette enveloppe que l&rsquo;on n\u00e9glige trop souvent.<\/p>\n\n\n\n<p><strong>PUBLIC CIBLE&nbsp;:<\/strong><\/p>\n\n\n\n<p>Hommes et femmes sont les bienvenus dans mon cabinet pour cette exploration corporelle.<\/p>\n\n\n\n<ul class=\"wp-block-list\" start=\"1\">\n<li>Vous \u00eates devenus insensibles aux sensations de votre corps, effectuant les gestes quotidiens de mani\u00e8re automatique, sans y pr\u00eater attention ?<\/li>\n\n\n\n<li>Vous portez une attention particuli\u00e8re \u00e0 vos complexes et \u00e0 tout ce que vous n&rsquo;aimez pas chez vous ?<\/li>\n\n\n\n<li>Vous avez perdu le contact physique avec les autres, ne vous souvenant presque plus de la sensation du toucher ?<\/li>\n<\/ul>\n\n\n\n<p>Si vous r\u00e9pondez positivement \u00e0 ces questions, alors cette nouvelle exp\u00e9rience unique et originale est faite pour vous.<\/p>\n\n\n\n<p>Je tiens \u00e0 souligner que cette pratique N\u2019EST PAS UN MASSAGE, mais le toucher appuy\u00e9 que je vais vous proposer s\u2019en rapproche. Vous explorerez votre corps progressivement, zone par zone, sensation par sensation, ce qui vous permettra de vous reconnecter \u00e0 vous-m\u00eame, de retrouver confiance en vous et d&rsquo;am\u00e9liorer votre estime personnelle et corporelle.<\/p>\n\n\n\n<p class=\"has-medium-font-size\" style=\"text-transform:none\"><a href=\"https:\/\/calendly.com\/contact-zeldasophrologue\/\"><strong>Prise de rendez-vous<\/strong><\/a><\/p>\n\n\n\n<figure class=\"wp-block-gallery has-nested-images columns-default is-cropped wp-block-gallery-1 is-layout-flex wp-block-gallery-is-layout-flex\">\n<figure class=\"wp-block-image size-large\"><img loading=\"lazy\" decoding=\"async\" width=\"576\" height=\"1024\" data-id=\"452\" src=\"http:\/\/www.zeldasophrologue.com\/wp-content\/uploads\/2024\/06\/IMG-20240329-WA0007-576x1024.jpg\" alt=\"\" class=\"wp-image-452\" srcset=\"https:\/\/www.zeldasophrologue.com\/wp-content\/uploads\/2024\/06\/IMG-20240329-WA0007-576x1024.jpg 576w, https:\/\/www.zeldasophrologue.com\/wp-content\/uploads\/2024\/06\/IMG-20240329-WA0007-169x300.jpg 169w, https:\/\/www.zeldasophrologue.com\/wp-content\/uploads\/2024\/06\/IMG-20240329-WA0007-768x1365.jpg 768w, https:\/\/www.zeldasophrologue.com\/wp-content\/uploads\/2024\/06\/IMG-20240329-WA0007-864x1536.jpg 864w, https:\/\/www.zeldasophrologue.com\/wp-content\/uploads\/2024\/06\/IMG-20240329-WA0007.jpg 900w\" sizes=\"auto, (max-width: 576px) 100vw, 576px\" \/><\/figure>\n\n\n\n<figure class=\"wp-block-image size-large\"><img loading=\"lazy\" decoding=\"async\" width=\"576\" height=\"1024\" data-id=\"453\" src=\"http:\/\/www.zeldasophrologue.com\/wp-content\/uploads\/2024\/06\/IMG-20240329-WA0020-Modifie-576x1024.jpg\" alt=\"\" class=\"wp-image-453\" srcset=\"https:\/\/www.zeldasophrologue.com\/wp-content\/uploads\/2024\/06\/IMG-20240329-WA0020-Modifie-576x1024.jpg 576w, https:\/\/www.zeldasophrologue.com\/wp-content\/uploads\/2024\/06\/IMG-20240329-WA0020-Modifie-169x300.jpg 169w, https:\/\/www.zeldasophrologue.com\/wp-content\/uploads\/2024\/06\/IMG-20240329-WA0020-Modifie-768x1365.jpg 768w, https:\/\/www.zeldasophrologue.com\/wp-content\/uploads\/2024\/06\/IMG-20240329-WA0020-Modifie-864x1536.jpg 864w, https:\/\/www.zeldasophrologue.com\/wp-content\/uploads\/2024\/06\/IMG-20240329-WA0020-Modifie.jpg 900w\" sizes=\"auto, (max-width: 576px) 100vw, 576px\" \/><\/figure>\n\n\n\n<figure class=\"wp-block-image size-large\"><img loading=\"lazy\" decoding=\"async\" width=\"576\" height=\"1024\" data-id=\"454\" src=\"http:\/\/www.zeldasophrologue.com\/wp-content\/uploads\/2024\/06\/IMG-20240329-WA0028-Modifie-576x1024.jpg\" alt=\"\" class=\"wp-image-454\" srcset=\"https:\/\/www.zeldasophrologue.com\/wp-content\/uploads\/2024\/06\/IMG-20240329-WA0028-Modifie-576x1024.jpg 576w, https:\/\/www.zeldasophrologue.com\/wp-content\/uploads\/2024\/06\/IMG-20240329-WA0028-Modifie-169x300.jpg 169w, https:\/\/www.zeldasophrologue.com\/wp-content\/uploads\/2024\/06\/IMG-20240329-WA0028-Modifie-768x1365.jpg 768w, https:\/\/www.zeldasophrologue.com\/wp-content\/uploads\/2024\/06\/IMG-20240329-WA0028-Modifie-864x1536.jpg 864w, https:\/\/www.zeldasophrologue.com\/wp-content\/uploads\/2024\/06\/IMG-20240329-WA0028-Modifie.jpg 900w\" sizes=\"auto, (max-width: 576px) 100vw, 576px\" \/><\/figure>\n<\/figure>\n\n\n\n<hr class=\"wp-block-separator has-css-opacity is-style-default\"\/>\n\n\n\n<blockquote class=\"wp-block-quote has-text-align-center is-style-large has-small-font-size is-layout-flow wp-block-quote-is-layout-flow\">\n<p class=\"has-small-font-size\">C&rsquo;est la deuxi\u00e8me fois que je fais appel \u00e0 Zelda pour la sophrologie. Aujourd&rsquo;hui j&rsquo;ai test\u00e9 la sophrologie corporelle. Une pratique inconnue pour moi et dans laquelle Zelda a su me guider vers un bien-\u00eatre exceptionnel. J&rsquo;ai explor\u00e9 \u00e9norm\u00e9ment de sensations et de ressentis et le tout guid\u00e9 par sa voix et son toucher. On se d\u00e9tend en utilisant la plupart de nos sens. Je suis dans ma bulle de bonheur. Un grand merci pour cette s\u00e9ance. Je recommande +++++<\/p>\n<cite>\u2014 Delphine<\/cite><\/blockquote>\n\n\n\n<hr class=\"wp-block-separator has-css-opacity is-style-default\"\/>\n","protected":false},"excerpt":{"rendered":"<p>Je vous pr\u00e9sente cette nouvelle pratique qui vous emm\u00e8ne en voyage sensoriel au c\u0153ur de vous-m\u00eame. En tant qu&rsquo;infirmi\u00e8re, je me suis souvent servie de gestes th\u00e9rapeutiques pour soulager la douleur de mes patients, et c\u2019est trop souvent dans la douleur ou nos complexes que l\u2019on porte attention \u00e0 notre corps. Mais je sais qu\u2019il &hellip; <\/p>\n<p class=\"link-more\"><a href=\"https:\/\/www.zeldasophrologue.com\/index.php\/sophrologie-corporelle\/\" class=\"more-link\">Continuer la lecture<span class=\"screen-reader-text\"> de &laquo;&nbsp;Sophrologie corporelle&nbsp;&raquo;<\/span><\/a><\/p>\n","protected":false},"author":1,"featured_media":448,"parent":0,"menu_order":0,"comment_status":"closed","ping_status":"closed","template":"","meta":{"footnotes":""},"class_list":["post-442","page","type-page","status-publish","has-post-thumbnail","hentry"],"_links":{"self":[{"href":"https:\/\/www.zeldasophrologue.com\/index.php\/wp-json\/wp\/v2\/pages\/442","targetHints":{"allow":["GET"]}}],"collection":[{"href":"https:\/\/www.zeldasophrologue.com\/index.php\/wp-json\/wp\/v2\/pages"}],"about":[{"href":"https:\/\/www.zeldasophrologue.com\/index.php\/wp-json\/wp\/v2\/types\/page"}],"author":[{"embeddable":true,"href":"https:\/\/www.zeldasophrologue.com\/index.php\/wp-json\/wp\/v2\/users\/1"}],"replies":[{"embeddable":true,"href":"https:\/\/www.zeldasophrologue.com\/index.php\/wp-json\/wp\/v2\/comments?post=442"}],"version-history":[{"count":5,"href":"https:\/\/www.zeldasophrologue.com\/index.php\/wp-json\/wp\/v2\/pages\/442\/revisions"}],"predecessor-version":[{"id":471,"href":"https:\/\/www.zeldasophrologue.com\/index.php\/wp-json\/wp\/v2\/pages\/442\/revisions\/471"}],"wp:featuredmedia":[{"embeddable":true,"href":"https:\/\/www.zeldasophrologue.com\/index.php\/wp-json\/wp\/v2\/media\/448"}],"wp:attachment":[{"href":"https:\/\/www.zeldasophrologue.com\/index.php\/wp-json\/wp\/v2\/media?parent=442"}],"curies":[{"name":"wp","href":"https:\/\/api.w.org\/{rel}","templated":true}]}}