{"id":57,"date":"2021-08-28T15:04:17","date_gmt":"2021-08-28T13:04:17","guid":{"rendered":"http:\/\/www.zeldasophrologue.com\/?page_id=57"},"modified":"2024-07-22T17:29:30","modified_gmt":"2024-07-22T15:29:30","slug":"informations-pratiques","status":"publish","type":"page","link":"https:\/\/www.zeldasophrologue.com\/index.php\/informations-pratiques\/","title":{"rendered":"Informations pratiques"},"content":{"rendered":"\n<p><\/p>\n\n\n\n<h2 class=\"wp-block-heading has-large-font-size\" style=\"letter-spacing:1px\">Sophrologie en cabinet<\/h2>\n\n\n\n<p><strong>Cabinet<\/strong> : 2 place de la Petite Normande \u2013 61250 Damigny<\/p>\n\n\n\n<p>Tarif : 60\u20ac la s\u00e9ance \u2013 Uniquement sur rendez-vous<\/p>\n\n\n\n<iframe src=\"https:\/\/www.google.com\/maps\/embed?pb=!1m18!1m12!1m3!1d661.6680422846528!2d0.0717647!3d48.4436314!2m3!1f0!2f0!3f0!3m2!1i1024!2i768!4f13.1!3m3!1m2!1s0x47e20b9c84e55555%3A0x7af06bafdd5a19ed!2s2%20Pl.%20de%20la%20Petite%20Normande%2C%2061250%20Damigny!5e0!3m2!1sfr!2sfr!4v1710615139751!5m2!1sfr!2sfr\" width=\"1000\" height=\"450\" style=\"border:0;\" allowfullscreen=\"\" loading=\"lazy\" referrerpolicy=\"no-referrer-when-downgrade\"><\/iframe>\n\n\n<div class=\"wp-block-image\">\n<figure class=\"aligncenter size-full is-resized\"><img loading=\"lazy\" decoding=\"async\" width=\"841\" height=\"147\" src=\"http:\/\/www.zeldasophrologue.com\/wp-content\/uploads\/2024\/07\/separation.png\" alt=\"\" class=\"wp-image-526\" style=\"width:150px\" srcset=\"https:\/\/www.zeldasophrologue.com\/wp-content\/uploads\/2024\/07\/separation.png 841w, https:\/\/www.zeldasophrologue.com\/wp-content\/uploads\/2024\/07\/separation-300x52.png 300w, https:\/\/www.zeldasophrologue.com\/wp-content\/uploads\/2024\/07\/separation-768x134.png 768w\" sizes=\"auto, (max-width: 767px) 89vw, (max-width: 1000px) 54vw, (max-width: 1071px) 543px, 580px\" \/><\/figure><\/div>\n\n\n<h2 class=\"wp-block-heading has-large-font-size\" style=\"letter-spacing:1px\">Sophrologie aquatique<\/h2>\n\n\n\n<p><strong>Innov\u2019Sant\u00e9<\/strong> : P\u00f4le Universitaire de, Montfoulon rep\u00e8re 7, 61250 Damigny<\/p>\n\n\n\n<p>Je propose principalement des s\u00e9ances de groupe, avec 3 personnes maximum.<\/p>\n\n\n\n<p>Tarif&nbsp;: 60\u20ac par personne pour une s\u00e9ance d\u2019une heure. Groupe ouvert que je compose.<\/p>\n\n\n\n<p><strong>Cependant, <\/strong><\/p>\n\n\n\n<ul class=\"wp-block-list\">\n<li>Vous souhaitez \u00ab&nbsp;privatiser&nbsp;\u00bb la piscine pour vivre une s\u00e9ance avec votre conjoint(e), l\u2019un de vos parents, votre meilleur(e) ami(e), votre fr\u00e8re ou votre s\u0153ur&nbsp;? C\u2019est possible&nbsp;!<\/li>\n<\/ul>\n\n\n\n<p>Tarif&nbsp;: 70\u20ac par personne pour une s\u00e9ance d\u2019une heure. Groupe priv\u00e9 que vous composez.<\/p>\n\n\n\n<ul class=\"wp-block-list\">\n<li>Vous souhaitez vivre un moment magique, unique, intime avec votre enfant&nbsp;? Venez exp\u00e9rimentez une s\u00e9ance en duo&nbsp;: parent\/enfant&nbsp;!<\/li>\n<\/ul>\n\n\n\n<p>Tarif&nbsp;: 90\u20ac pour le duo, s\u00e9ance de 45min<\/p>\n\n\n\n<ul class=\"wp-block-list\">\n<li>Vous souhaitez \u00ab&nbsp;privatiser&nbsp;\u00bb la piscine exclusivement pour vous et b\u00e9n\u00e9ficier d\u2019une s\u00e9ance adapt\u00e9e \u00e0 vos besoins uniques et personnels, avoir un temps d\u2019\u00e9coute priv\u00e9&nbsp;? C\u2019est \u00e9galement possible&nbsp;!<\/li>\n<\/ul>\n\n\n\n<p>Tarif&nbsp;: 120\u20ac la s\u00e9ance d\u2019une heure, en individuel.<\/p>\n\n\n\n<p>Pour des \u00e9v\u00e8nements particuliers, avec plus de 3 personnes type EVJF\/G, je vous propose de me contacter directement par le moyen qui vous convient, afin de discuter de vos envies et besoins.<\/p>\n\n\n\n<p><\/p>\n\n\n\n<iframe src=\"https:\/\/www.google.com\/maps\/embed?pb=!1m18!1m12!1m3!1d2646.67314201351!2d0.05500667628785055!3d48.44361272980636!2m3!1f0!2f0!3f0!3m2!1i1024!2i768!4f13.1!3m3!1m2!1s0x47e20b0e4c7ed319%3A0xca732f3ce9156b24!2sInnov&#39;sant%C3%A9%20par%20Pierre%20NOAL!5e0!3m2!1sfr!2sfr!4v1710615465391!5m2!1sfr!2sfr\" width=\"1000\" height=\"450\" style=\"border:0;\" allowfullscreen=\"\" loading=\"lazy\" referrerpolicy=\"no-referrer-when-downgrade\"><\/iframe>\n\n\n<div class=\"wp-block-image\">\n<figure class=\"aligncenter size-full is-resized\"><img loading=\"lazy\" decoding=\"async\" width=\"841\" height=\"147\" src=\"http:\/\/www.zeldasophrologue.com\/wp-content\/uploads\/2024\/07\/separation.png\" alt=\"\" class=\"wp-image-526\" style=\"width:150px\" srcset=\"https:\/\/www.zeldasophrologue.com\/wp-content\/uploads\/2024\/07\/separation.png 841w, https:\/\/www.zeldasophrologue.com\/wp-content\/uploads\/2024\/07\/separation-300x52.png 300w, https:\/\/www.zeldasophrologue.com\/wp-content\/uploads\/2024\/07\/separation-768x134.png 768w\" sizes=\"auto, (max-width: 767px) 89vw, (max-width: 1000px) 54vw, (max-width: 1071px) 543px, 580px\" \/><\/figure><\/div>\n\n\n<h2 class=\"wp-block-heading has-large-font-size\" style=\"letter-spacing:1px\">Sophrologie corporelle<\/h2>\n\n\n\n<p><strong>Les thermes de Ga\u00efa<\/strong> : 45 Rue du Jeudi, 61000 Alen\u00e7on<\/p>\n\n\n\n<p>Tarif : 90\u20ac la s\u00e9ance \u2013 Uniquement sur rendez-vous<\/p>\n\n\n\n<iframe src=\"https:\/\/www.google.com\/maps\/embed?pb=!1m18!1m12!1m3!1d2647.3116704205563!2d0.08435557628719405!3d48.431357730663315!2m3!1f0!2f0!3f0!3m2!1i1024!2i768!4f13.1!3m3!1m2!1s0x47e20c83aae71229%3A0x6ae7f2bbe20c5e20!2sLes%20thermes%20de%20Ga%C3%AFa!5e0!3m2!1sfr!2sfr!4v1710615550365!5m2!1sfr!2sfr\" width=\"1000\" height=\"450\" style=\"border:0;\" allowfullscreen=\"\" loading=\"lazy\" referrerpolicy=\"no-referrer-when-downgrade\"><\/iframe>\n\n\n<div class=\"wp-block-image\">\n<figure class=\"aligncenter size-full is-resized\"><img loading=\"lazy\" decoding=\"async\" width=\"841\" height=\"147\" src=\"http:\/\/www.zeldasophrologue.com\/wp-content\/uploads\/2024\/07\/separation.png\" alt=\"\" class=\"wp-image-526\" style=\"width:150px\" srcset=\"https:\/\/www.zeldasophrologue.com\/wp-content\/uploads\/2024\/07\/separation.png 841w, https:\/\/www.zeldasophrologue.com\/wp-content\/uploads\/2024\/07\/separation-300x52.png 300w, https:\/\/www.zeldasophrologue.com\/wp-content\/uploads\/2024\/07\/separation-768x134.png 768w\" sizes=\"auto, (max-width: 767px) 89vw, (max-width: 1000px) 54vw, (max-width: 1071px) 543px, 580px\" \/><\/figure><\/div>\n\n\n<p><strong>A domicile <\/strong>:<\/p>\n\n\n\n<p>Tarif : 60\u20ac la s\u00e9ance, maximum 5km autour d&rsquo;Alen\u00e7on &#8211; Uniquement sur rendez-vous<\/p>\n\n\n<div class=\"wp-block-image\">\n<figure class=\"aligncenter size-full is-resized\"><img loading=\"lazy\" decoding=\"async\" width=\"841\" height=\"147\" src=\"http:\/\/www.zeldasophrologue.com\/wp-content\/uploads\/2024\/07\/separation.png\" alt=\"\" class=\"wp-image-526\" style=\"width:149px\" srcset=\"https:\/\/www.zeldasophrologue.com\/wp-content\/uploads\/2024\/07\/separation.png 841w, https:\/\/www.zeldasophrologue.com\/wp-content\/uploads\/2024\/07\/separation-300x52.png 300w, https:\/\/www.zeldasophrologue.com\/wp-content\/uploads\/2024\/07\/separation-768x134.png 768w\" sizes=\"auto, (max-width: 767px) 89vw, (max-width: 1000px) 54vw, (max-width: 1071px) 543px, 580px\" \/><\/figure><\/div>\n\n\n<p>Je suis sophrologue certifi\u00e9e, renseignez vous aupr\u00e8s de votre mutuelle pour une \u00e9ventuelle prise en charge.<\/p>\n\n\n\n<p class=\"has-small-font-size\"><em>Conform\u00e9ment aux articles L.616-1 et R.616-1 du code de la consommation, notre soci\u00e9t\u00e9 a mis en place un dispositif de m\u00e9diation de la consommation. L&rsquo;entit\u00e9 de m\u00e9diation retenue est : CNPM-MEDIATION DE LA CONSOMMATION. En cas de litige, vous pouvez d\u00e9poser votre r\u00e9clamation sur son site:<br>http:\/\/cnpm-mediation-consommation.euou par voie postale en \u00e9crivant \u00e0<br>CNPM &#8211; MEDIATION &#8211; CONSOMMATION -27, Avenue de la Lib\u00e9ration \u2013 42400 SAINT CHAMOND<\/em><\/p>\n","protected":false},"excerpt":{"rendered":"<p>Sophrologie en cabinet Cabinet : 2 place de la Petite Normande \u2013 61250 Damigny Tarif : 60\u20ac la s\u00e9ance \u2013 Uniquement sur rendez-vous Sophrologie aquatique Innov\u2019Sant\u00e9 : P\u00f4le Universitaire de, Montfoulon rep\u00e8re 7, 61250 Damigny Je propose principalement des s\u00e9ances de groupe, avec 3 personnes maximum. Tarif&nbsp;: 60\u20ac par personne pour une s\u00e9ance d\u2019une heure. &hellip; <\/p>\n<p class=\"link-more\"><a href=\"https:\/\/www.zeldasophrologue.com\/index.php\/informations-pratiques\/\" class=\"more-link\">Continuer la lecture<span class=\"screen-reader-text\"> de &laquo;&nbsp;Informations pratiques&nbsp;&raquo;<\/span><\/a><\/p>\n","protected":false},"author":1,"featured_media":0,"parent":0,"menu_order":0,"comment_status":"closed","ping_status":"closed","template":"","meta":{"footnotes":""},"class_list":["post-57","page","type-page","status-publish","hentry"],"_links":{"self":[{"href":"https:\/\/www.zeldasophrologue.com\/index.php\/wp-json\/wp\/v2\/pages\/57","targetHints":{"allow":["GET"]}}],"collection":[{"href":"https:\/\/www.zeldasophrologue.com\/index.php\/wp-json\/wp\/v2\/pages"}],"about":[{"href":"https:\/\/www.zeldasophrologue.com\/index.php\/wp-json\/wp\/v2\/types\/page"}],"author":[{"embeddable":true,"href":"https:\/\/www.zeldasophrologue.com\/index.php\/wp-json\/wp\/v2\/users\/1"}],"replies":[{"embeddable":true,"href":"https:\/\/www.zeldasophrologue.com\/index.php\/wp-json\/wp\/v2\/comments?post=57"}],"version-history":[{"count":84,"href":"https:\/\/www.zeldasophrologue.com\/index.php\/wp-json\/wp\/v2\/pages\/57\/revisions"}],"predecessor-version":[{"id":562,"href":"https:\/\/www.zeldasophrologue.com\/index.php\/wp-json\/wp\/v2\/pages\/57\/revisions\/562"}],"wp:attachment":[{"href":"https:\/\/www.zeldasophrologue.com\/index.php\/wp-json\/wp\/v2\/media?parent=57"}],"curies":[{"name":"wp","href":"https:\/\/api.w.org\/{rel}","templated":true}]}}