{"id":587,"date":"2024-11-09T21:31:20","date_gmt":"2024-11-09T20:31:20","guid":{"rendered":"http:\/\/www.zeldasophrologue.com\/?page_id=587"},"modified":"2024-11-19T19:54:44","modified_gmt":"2024-11-19T18:54:44","slug":"votre-seance-gratuite","status":"publish","type":"page","link":"https:\/\/www.zeldasophrologue.com\/index.php\/votre-seance-gratuite\/","title":{"rendered":"Votre s\u00e9ance gratuite"},"content":{"rendered":"\n<p>Vous avez appr\u00e9ci\u00e9 le petit audio de pr\u00e9sentation en page d\u2019accueil?<\/p>\n\n\n\n<p>Je vous propose \u00e0 pr\u00e9sent d\u2019\u00e9couter une s\u00e9ance que je vous offre. Elle dure 7 minutes. 7 minutes pour prendre un temps pour vous\u2026<\/p>\n\n\n\n<p>Entrez votre nom et votre e-mail pour recevoir votre s\u00e9ance \u00ab\u00a0un temps pour moi\u00a0\u00bb.<\/p>\n\n\n<div class=\"tnp tnp-subscription \">\n<form method=\"post\" action=\"https:\/\/www.zeldasophrologue.com\/wp-admin\/admin-ajax.php?action=tnp&amp;na=s\">\n<input type=\"hidden\" name=\"nlang\" value=\"\">\n<div class=\"tnp-field tnp-field-firstname\"><label for=\"tnp-1\">Pr\u00e9nom<\/label>\n<input class=\"tnp-name\" type=\"text\" name=\"nn\" id=\"tnp-1\" value=\"\" placeholder=\"\" required><\/div>\n<div class=\"tnp-field tnp-field-email\"><label for=\"tnp-2\">E-mail<\/label>\n<input class=\"tnp-email\" type=\"email\" name=\"ne\" id=\"tnp-2\" value=\"\" placeholder=\"\" required><\/div>\n<div class=\"tnp-field tnp-field-button\" style=\"text-align: left\"><input class=\"tnp-submit\" type=\"submit\" value=\"Recevoir ma s\u00e9ance\" style=\"\">\n<\/div>\n<\/form>\n<\/div>\n","protected":false},"excerpt":{"rendered":"<p>Vous avez appr\u00e9ci\u00e9 le petit audio de pr\u00e9sentation en page d\u2019accueil? Je vous propose \u00e0 pr\u00e9sent d\u2019\u00e9couter une s\u00e9ance que je vous offre. Elle dure 7 minutes. 7 minutes pour prendre un temps pour vous\u2026 Entrez votre nom et votre e-mail pour recevoir votre s\u00e9ance \u00ab\u00a0un temps pour moi\u00a0\u00bb.<\/p>\n","protected":false},"author":1,"featured_media":0,"parent":0,"menu_order":0,"comment_status":"closed","ping_status":"closed","template":"","meta":{"footnotes":""},"class_list":["post-587","page","type-page","status-publish","hentry"],"_links":{"self":[{"href":"https:\/\/www.zeldasophrologue.com\/index.php\/wp-json\/wp\/v2\/pages\/587","targetHints":{"allow":["GET"]}}],"collection":[{"href":"https:\/\/www.zeldasophrologue.com\/index.php\/wp-json\/wp\/v2\/pages"}],"about":[{"href":"https:\/\/www.zeldasophrologue.com\/index.php\/wp-json\/wp\/v2\/types\/page"}],"author":[{"embeddable":true,"href":"https:\/\/www.zeldasophrologue.com\/index.php\/wp-json\/wp\/v2\/users\/1"}],"replies":[{"embeddable":true,"href":"https:\/\/www.zeldasophrologue.com\/index.php\/wp-json\/wp\/v2\/comments?post=587"}],"version-history":[{"count":26,"href":"https:\/\/www.zeldasophrologue.com\/index.php\/wp-json\/wp\/v2\/pages\/587\/revisions"}],"predecessor-version":[{"id":651,"href":"https:\/\/www.zeldasophrologue.com\/index.php\/wp-json\/wp\/v2\/pages\/587\/revisions\/651"}],"wp:attachment":[{"href":"https:\/\/www.zeldasophrologue.com\/index.php\/wp-json\/wp\/v2\/media?parent=587"}],"curies":[{"name":"wp","href":"https:\/\/api.w.org\/{rel}","templated":true}]}}